{"id":258,"date":"2018-01-22T10:17:40","date_gmt":"2018-01-22T14:17:40","guid":{"rendered":"http:\/\/alcaldianagua.gob.do\/transparencia\/?page_id=258"},"modified":"2025-09-17T22:56:19","modified_gmt":"2025-09-18T02:56:19","slug":"responsable-de-acceso-a-la-informacion","status":"publish","type":"page","link":"https:\/\/ayuntamientonagua.gob.do\/transparencia\/responsable-de-acceso-a-la-informacion\/","title":{"rendered":"Responsable de Acceso a la Informaci\u00f3n"},"content":{"rendered":"<p><img loading=\"lazy\" class=\"alignnone wp-image-1299 size-large\" src=\"http:\/\/ayuntamientonagua.gob.do\/transparencia\/wp-content\/uploads\/2024\/07\/WhatsApp-Image-2024-07-16-at-11.29.58-AM-e1758164101613-700x853.jpeg\" alt=\"\" width=\"700\" height=\"853\" srcset=\"https:\/\/ayuntamientonagua.gob.do\/transparencia\/wp-content\/uploads\/2024\/07\/WhatsApp-Image-2024-07-16-at-11.29.58-AM-e1758164101613-700x853.jpeg 700w, https:\/\/ayuntamientonagua.gob.do\/transparencia\/wp-content\/uploads\/2024\/07\/WhatsApp-Image-2024-07-16-at-11.29.58-AM-e1758164101613-250x304.jpeg 250w, https:\/\/ayuntamientonagua.gob.do\/transparencia\/wp-content\/uploads\/2024\/07\/WhatsApp-Image-2024-07-16-at-11.29.58-AM-e1758164101613-120x146.jpeg 120w, https:\/\/ayuntamientonagua.gob.do\/transparencia\/wp-content\/uploads\/2024\/07\/WhatsApp-Image-2024-07-16-at-11.29.58-AM-e1758164101613.jpeg 716w\" sizes=\"(max-width: 700px) 100vw, 700px\" \/><\/p>\n<p><strong>Soranyi Ferrer<\/strong><br \/>\n<strong>Responsable de la Oficina de Acceso a la Informaci\u00f3n P\u00fablica (RAI)<\/strong><\/p>\n<p><strong>Tel.:<\/strong> (809) 584-1198<br \/>\n<strong>Cel.:<\/strong> (809) 608-1179<br \/>\n<strong>Correo electr\u00f3nico:<\/strong>\u00a0 soranyialcaldiadenagua@gmail.com | Alcaldiamunicipalnagua@gmail.com<\/p>\n","protected":false},"excerpt":{"rendered":"Soranyi Ferrer Responsable de la Oficina de Acceso a la Informaci\u00f3n P\u00fablica (RAI) Tel.: (809) 584-1198 Cel.: (809) 608-1179 Correo electr\u00f3nico:\u00a0 soranyialcaldiadenagua@gmail.com | Alcaldiamunicipalnagua@gmail.com","protected":false},"author":3,"featured_media":0,"parent":0,"menu_order":0,"comment_status":"closed","ping_status":"closed","template":"","meta":[],"acf":[],"_links":{"self":[{"href":"https:\/\/ayuntamientonagua.gob.do\/transparencia\/wp-json\/wp\/v2\/pages\/258"}],"collection":[{"href":"https:\/\/ayuntamientonagua.gob.do\/transparencia\/wp-json\/wp\/v2\/pages"}],"about":[{"href":"https:\/\/ayuntamientonagua.gob.do\/transparencia\/wp-json\/wp\/v2\/types\/page"}],"author":[{"embeddable":true,"href":"https:\/\/ayuntamientonagua.gob.do\/transparencia\/wp-json\/wp\/v2\/users\/3"}],"replies":[{"embeddable":true,"href":"https:\/\/ayuntamientonagua.gob.do\/transparencia\/wp-json\/wp\/v2\/comments?post=258"}],"version-history":[{"count":9,"href":"https:\/\/ayuntamientonagua.gob.do\/transparencia\/wp-json\/wp\/v2\/pages\/258\/revisions"}],"predecessor-version":[{"id":1877,"href":"https:\/\/ayuntamientonagua.gob.do\/transparencia\/wp-json\/wp\/v2\/pages\/258\/revisions\/1877"}],"wp:attachment":[{"href":"https:\/\/ayuntamientonagua.gob.do\/transparencia\/wp-json\/wp\/v2\/media?parent=258"}],"curies":[{"name":"wp","href":"https:\/\/api.w.org\/{rel}","templated":true}]}}